{"id":1547,"date":"2022-03-23T02:51:12","date_gmt":"2022-03-23T02:51:12","guid":{"rendered":"http:\/\/afs-test.de\/?page_id=1547"},"modified":"2025-04-04T08:23:33","modified_gmt":"2025-04-04T06:23:33","slug":"fsj","status":"publish","type":"page","link":"https:\/\/anna-freud-schule.de\/startseite\/fsj\/","title":{"rendered":"FSJ"},"content":{"rendered":"\t\t<div data-elementor-type=\"wp-page\" data-elementor-id=\"1547\" class=\"elementor elementor-1547\" data-elementor-post-type=\"page\">\n\t\t\t\t\t\t<section class=\"elementor-section elementor-top-section elementor-element elementor-element-a12754f elementor-section-boxed elementor-section-height-default elementor-section-height-default\" data-id=\"a12754f\" data-element_type=\"section\" data-e-type=\"section\">\n\t\t\t\t\t\t<div class=\"elementor-container elementor-column-gap-default\">\n\t\t\t\t\t<div class=\"elementor-column elementor-col-100 elementor-top-column elementor-element elementor-element-3c700b7\" data-id=\"3c700b7\" data-element_type=\"column\" data-e-type=\"column\">\n\t\t\t<div class=\"elementor-widget-wrap elementor-element-populated\">\n\t\t\t\t\t\t<div class=\"elementor-element elementor-element-095d058 elementor-widget elementor-widget-heading\" data-id=\"095d058\" data-element_type=\"widget\" data-e-type=\"widget\" data-widget_type=\"heading.default\">\n\t\t\t\t<div class=\"elementor-widget-container\">\n\t\t\t\t\t<h2 class=\"elementor-heading-title elementor-size-default\">Freiwilliges Soziales Jahr \/ Bundesfreiwilligendienst an der AFS<\/h2>\t\t\t\t<\/div>\n\t\t\t\t<\/div>\n\t\t\t\t\t<\/div>\n\t\t<\/div>\n\t\t\t\t\t<\/div>\n\t\t<\/section>\n\t\t\t\t<section class=\"elementor-section elementor-top-section elementor-element elementor-element-cb5aaa2 elementor-section-boxed elementor-section-height-default elementor-section-height-default\" data-id=\"cb5aaa2\" data-element_type=\"section\" data-e-type=\"section\">\n\t\t\t\t\t\t<div class=\"elementor-container elementor-column-gap-default\">\n\t\t\t\t\t<div class=\"elementor-column elementor-col-100 elementor-top-column elementor-element elementor-element-9390283\" data-id=\"9390283\" data-element_type=\"column\" data-e-type=\"column\">\n\t\t\t<div class=\"elementor-widget-wrap elementor-element-populated\">\n\t\t\t\t\t\t<div class=\"elementor-element elementor-element-ce91119 elementor-widget elementor-widget-image\" data-id=\"ce91119\" data-element_type=\"widget\" data-e-type=\"widget\" data-widget_type=\"image.default\">\n\t\t\t\t<div class=\"elementor-widget-container\">\n\t\t\t\t\t\t\t\t\t\t\t\t\t\t\t<img fetchpriority=\"high\" decoding=\"async\" width=\"1024\" height=\"668\" src=\"https:\/\/anna-freud-schule.de\/wp-content\/uploads\/2022\/10\/LVR_AFS_082-scaled-e1667164950449-1024x668.jpg\" class=\"attachment-large size-large wp-image-2675\" alt=\"\" srcset=\"https:\/\/anna-freud-schule.de\/wp-content\/uploads\/2022\/10\/LVR_AFS_082-scaled-e1667164950449-1024x668.jpg 1024w, https:\/\/anna-freud-schule.de\/wp-content\/uploads\/2022\/10\/LVR_AFS_082-scaled-e1667164950449-300x196.jpg 300w, https:\/\/anna-freud-schule.de\/wp-content\/uploads\/2022\/10\/LVR_AFS_082-scaled-e1667164950449-768x501.jpg 768w, https:\/\/anna-freud-schule.de\/wp-content\/uploads\/2022\/10\/LVR_AFS_082-scaled-e1667164950449-1536x1002.jpg 1536w, https:\/\/anna-freud-schule.de\/wp-content\/uploads\/2022\/10\/LVR_AFS_082-scaled-e1667164950449.jpg 1707w\" sizes=\"(max-width: 1024px) 100vw, 1024px\" \/>\t\t\t\t\t\t\t\t\t\t\t\t\t\t\t<\/div>\n\t\t\t\t<\/div>\n\t\t\t\t\t<\/div>\n\t\t<\/div>\n\t\t\t\t\t<\/div>\n\t\t<\/section>\n\t\t\t\t<section class=\"elementor-section elementor-top-section elementor-element elementor-element-9d723ae elementor-section-boxed elementor-section-height-default elementor-section-height-default\" data-id=\"9d723ae\" data-element_type=\"section\" data-e-type=\"section\">\n\t\t\t\t\t\t<div class=\"elementor-container elementor-column-gap-default\">\n\t\t\t\t\t<div class=\"elementor-column elementor-col-100 elementor-top-column elementor-element elementor-element-fd99c62\" data-id=\"fd99c62\" data-element_type=\"column\" data-e-type=\"column\">\n\t\t\t<div class=\"elementor-widget-wrap elementor-element-populated\">\n\t\t\t\t\t\t<div class=\"elementor-element elementor-element-24d3d70 elementor-widget elementor-widget-text-editor\" data-id=\"24d3d70\" data-element_type=\"widget\" data-e-type=\"widget\" data-widget_type=\"text-editor.default\">\n\t\t\t\t<div class=\"elementor-widget-container\">\n\t\t\t\t\t\t\t\t\t<p><strong>Freiwilliges Soziales Jahr (FSJ) und Bundesfreiwilligendienst (BFD) an der Anna-Freud-Schule<\/strong><\/p><p>Eine starke Schule braucht ein starkes Team: Unsere FSJler und BFDler sind aus dem Schulalltag der AFS nicht wegzudenken!<\/p><p><strong>Was dich bei uns erwartet:<\/strong><\/p><ul><li>enge Zusammenarbeit mit einem Team aus Lehrkr\u00e4ften, Therapeut*innen und Pflegepersonal<\/li><li>unterschiedliche T\u00e4tigkeiten mit p\u00e4dagogischen, pflegerischen und betreuenden Aspekten<\/li><li>Einblicke in vielf\u00e4ltige Berufsgruppen<\/li><li>ein abwechslungsreiches, wertsch\u00e4tzendes Arbeitsumfeld<\/li><\/ul><p><strong>Was wir von dir erwarten:<\/strong><\/p><ul><li>Freude am Umgang mit Kindern und Jugendlichen<\/li><li>Zuverl\u00e4ssigkeit, Engagement und Flexibilit\u00e4t<\/li><\/ul><p><strong>Hast du noch Fragen?<\/strong><\/p><p>Gerne erl\u00e4utern wir dir in einem ersten Informationsgespr\u00e4ch die T\u00e4tigkeitsbereiche der FSJler und BFDler n\u00e4her.<\/p><p><strong>M\u00f6chtest du Teil unseres Teams werden?<\/strong><\/p><p>Wir freuen uns auf deine Kontaktaufnahme. Bitte wende dich direkt an unsere Ansprechpartnerin f\u00fcr das FSJ\/den BFD, York Dehnen (Tel.: 0221\/554046-166\/ <a href=\"mailto:york.dehnen@lvr-afs.de\">E-Mail<\/a>) oder ans Sekretariat (<a href=\"mailto:anna-freud-schule@lvr.de\">E-Mail<\/a>).<\/p>\t\t\t\t\t\t\t\t<\/div>\n\t\t\t\t<\/div>\n\t\t\t\t\t<\/div>\n\t\t<\/div>\n\t\t\t\t\t<\/div>\n\t\t<\/section>\n\t\t\t\t<\/div>\n\t\t","protected":false},"excerpt":{"rendered":"<p>Freiwilliges Soziales Jahr \/ Bundesfreiwilligendienst an der AFS Freiwilliges Soziales Jahr (FSJ) und Bundesfreiwilligendienst (BFD) an der Anna-Freud-Schule Eine starke Schule braucht ein starkes Team: Unsere FSJler und BFDler sind aus dem Schulalltag der AFS nicht wegzudenken! Was dich bei uns erwartet: enge Zusammenarbeit mit einem Team aus Lehrkr\u00e4ften, Therapeut*innen und Pflegepersonal unterschiedliche T\u00e4tigkeiten mit [&hellip;]<\/p>\n","protected":false},"author":1,"featured_media":0,"parent":0,"menu_order":0,"comment_status":"closed","ping_status":"closed","template":"","meta":{"site-sidebar-layout":"no-sidebar","site-content-layout":"page-builder","ast-site-content-layout":"default","site-content-style":"default","site-sidebar-style":"default","ast-global-header-display":"","ast-banner-title-visibility":"","ast-main-header-display":"","ast-hfb-above-header-display":"","ast-hfb-below-header-display":"","ast-hfb-mobile-header-display":"","site-post-title":"disabled","ast-breadcrumbs-content":"","ast-featured-img":"disabled","footer-sml-layout":"","ast-disable-related-posts":"","theme-transparent-header-meta":"","adv-header-id-meta":"","stick-header-meta":"","header-above-stick-meta":"","header-main-stick-meta":"","header-below-stick-meta":"","astra-migrate-meta-layouts":"default","ast-page-background-enabled":"default","ast-page-background-meta":{"desktop":{"background-color":"var(--ast-global-color-4)","background-image":"","background-repeat":"repeat","background-position":"center center","background-size":"auto","background-attachment":"scroll","background-type":"","background-media":"","overlay-type":"","overlay-color":"","overlay-opacity":"","overlay-gradient":""},"tablet":{"background-color":"","background-image":"","background-repeat":"repeat","background-position":"center center","background-size":"auto","background-attachment":"scroll","background-type":"","background-media":"","overlay-type":"","overlay-color":"","overlay-opacity":"","overlay-gradient":""},"mobile":{"background-color":"","background-image":"","background-repeat":"repeat","background-position":"center center","background-size":"auto","background-attachment":"scroll","background-type":"","background-media":"","overlay-type":"","overlay-color":"","overlay-opacity":"","overlay-gradient":""}},"ast-content-background-meta":{"desktop":{"background-color":"var(--ast-global-color-5)","background-image":"","background-repeat":"repeat","background-position":"center center","background-size":"auto","background-attachment":"scroll","background-type":"","background-media":"","overlay-type":"","overlay-color":"","overlay-opacity":"","overlay-gradient":""},"tablet":{"background-color":"var(--ast-global-color-5)","background-image":"","background-repeat":"repeat","background-position":"center center","background-size":"auto","background-attachment":"scroll","background-type":"","background-media":"","overlay-type":"","overlay-color":"","overlay-opacity":"","overlay-gradient":""},"mobile":{"background-color":"var(--ast-global-color-5)","background-image":"","background-repeat":"repeat","background-position":"center center","background-size":"auto","background-attachment":"scroll","background-type":"","background-media":"","overlay-type":"","overlay-color":"","overlay-opacity":"","overlay-gradient":""}},"footnotes":""},"class_list":["post-1547","page","type-page","status-publish","hentry"],"_links":{"self":[{"href":"https:\/\/anna-freud-schule.de\/startseite\/wp-json\/wp\/v2\/pages\/1547","targetHints":{"allow":["GET"]}}],"collection":[{"href":"https:\/\/anna-freud-schule.de\/startseite\/wp-json\/wp\/v2\/pages"}],"about":[{"href":"https:\/\/anna-freud-schule.de\/startseite\/wp-json\/wp\/v2\/types\/page"}],"author":[{"embeddable":true,"href":"https:\/\/anna-freud-schule.de\/startseite\/wp-json\/wp\/v2\/users\/1"}],"replies":[{"embeddable":true,"href":"https:\/\/anna-freud-schule.de\/startseite\/wp-json\/wp\/v2\/comments?post=1547"}],"version-history":[{"count":70,"href":"https:\/\/anna-freud-schule.de\/startseite\/wp-json\/wp\/v2\/pages\/1547\/revisions"}],"predecessor-version":[{"id":4857,"href":"https:\/\/anna-freud-schule.de\/startseite\/wp-json\/wp\/v2\/pages\/1547\/revisions\/4857"}],"wp:attachment":[{"href":"https:\/\/anna-freud-schule.de\/startseite\/wp-json\/wp\/v2\/media?parent=1547"}],"curies":[{"name":"wp","href":"https:\/\/api.w.org\/{rel}","templated":true}]}}