{"id":1700,"date":"2022-03-30T19:51:14","date_gmt":"2022-03-30T19:51:14","guid":{"rendered":"http:\/\/afs-test.de\/?page_id=1700"},"modified":"2025-03-23T11:09:28","modified_gmt":"2025-03-23T10:09:28","slug":"praktikum","status":"publish","type":"page","link":"https:\/\/anna-freud-schule.de\/startseite\/praktikum\/","title":{"rendered":"Praktikum"},"content":{"rendered":"\t\t<div data-elementor-type=\"wp-page\" data-elementor-id=\"1700\" class=\"elementor elementor-1700\" data-elementor-post-type=\"page\">\n\t\t\t\t\t\t<section class=\"elementor-section elementor-top-section elementor-element elementor-element-1990c5b elementor-section-boxed elementor-section-height-default elementor-section-height-default\" data-id=\"1990c5b\" data-element_type=\"section\" data-e-type=\"section\">\n\t\t\t\t\t\t<div class=\"elementor-container elementor-column-gap-default\">\n\t\t\t\t\t<div class=\"elementor-column elementor-col-100 elementor-top-column elementor-element elementor-element-634a37b\" data-id=\"634a37b\" data-element_type=\"column\" data-e-type=\"column\">\n\t\t\t<div class=\"elementor-widget-wrap elementor-element-populated\">\n\t\t\t\t\t\t<div class=\"elementor-element elementor-element-7d82927 elementor-widget elementor-widget-text-editor\" data-id=\"7d82927\" data-element_type=\"widget\" data-e-type=\"widget\" data-widget_type=\"text-editor.default\">\n\t\t\t\t<div class=\"elementor-widget-container\">\n\t\t\t\t\t\t\t\t\t<h1>Praktikumsstellen f\u00fcr Studierende<\/h1><p>Die LVR-Anna-Freud-Schule (AFS) bietet eine Anzahl von M\u00f6glichkeiten, im Rahmen eines Praktikums Erfahrungen auf dem Weg zum Lehrerberuf zu sammeln. Das besondere Profil unserer Schule verspricht f\u00fcr Studierende ungew\u00f6hnliche und zukunftsweisende Einblicke.<\/p><p>Wenn Sie sich f\u00fcr ein Praktikum an der AFS interessieren, nutzen Sie bitte die folgenden Kontaktm\u00f6glichkeiten. Bitte schicken sie\u00a0<span style=\"text-decoration: underline;\">keine<\/span>\u00a0schriftlichen oder digitalen\u00a0Bewerbungsunterlagen.<\/p><h3>Sie werden Ihr Praxissemester\u00a0bei uns absolvieren?<\/h3><p>Sobald die Zuordnung im Portal zur Vergabe von Praktikumspl\u00e4tzen im Praxissemester erfolgt ist, nehmen Sie bitte \u00fcber das ausgef\u00fcllte Formular im folgenden Mail-Link Kontakt mit uns auf:<\/p><ul><li>Bitte<strong>\u00a0<span id=\"cloak9fcfd320cf7cf60a6f071513265784df\"><a href=\"mailto:b.faust@annafreudschule.de?subject=Praktikums-Anfrage&amp;body=Sehr%20geehrte%20Damen%20und%20Herren,%0A%20%0A%20hiermit%20bewerbe%20ich%20mich%20um%20ein%20Praktikumssemester%20an%20der%20AFS.%0A%20%0A%20Mein%20Kontakt%20lautet:%20Name,%20Anschrift,%20Telefonnr.,%20E-mail%0A%0A%20Meine%20Sonderp%C3%A4dagogischen%20Fachrichtungen:%20%0A%20Meine%20Unterrichtsf\u00e4cher%20(Sek.%20I%20oder%20SekII?):%0A%20Meine%20Semesterzahl:%0A%0A%20%0AGewuenschter%20Zeitraum:%0A%0A%20ggf.%20Anmeldeschluss%20fuer%20Praktikumsteilnahme%20an%20der%20Uni:%20%0A%20%0A%20Bemerkungen\/%20besondere%20Wuensche:%0A%0A%0A%20Mit%20freundlichen%20Gruessen,\" data-wplink-edit=\"true\">MAIL-LINK klicken<\/a><\/span><\/strong>. (Dann \u00f6ffnet sich ein Email-Fenster mit vorgefertigtem Text)<\/li><\/ul><h3>Sie m\u00f6chten ein Eignungs- und Orientierungspraktikum, ein Hauptpraktikum (alte LPO) oder ein sonstiges Praktikum bei uns absolvieren?<\/h3><p>Bitte nehmen Sie \u00fcber das ausgef\u00fcllte Formular im folgenden Mail-Link Kontakt mit uns auf:<\/p><ul><li>Bitte\u00a0<strong><span id=\"cloake5ebd21abc34c7e939ea24a520282b6d\"><a title=\"Neue Email an die Praktikumsbeauftragten der AFS\" href=\"mailto:b.faust@annafreudschule.de?subject=Praktikums-Anfrage&amp;body=Sehr%20geehrte%20Damen%20und%20Herren,%0A%20%0A%20hiermit%20bewerbe%20ich%20mich%20um%20ein%20Praktikum%20an%20der%20AFS.%0A%20%0A%20Mein%20Kontakt%20lautet:%20Name,%20Anschrift,%20Telefonnr.,%20E-mail%0A%0A%20Meine%20Sonderp%C3%A4dagogischen%20Fachrichtungen:%20%0A%20Meine%20Unterrichtsf%C3%A4cher%20(Sek.%20I%20oder%20Sek.II?):%0A%20Meine%20Semesterzahl:%0A%0A%20Welches%20Praktikum%20soll%20abgeleistet%20werden:%20(Orientierungspraktikum,%20Hauptpraktikum%20etc.?)%0A%20%0AGewuenschter%20Zeitraum:%0A%0A%20ggf.%20Anmeldeschluss%20fuer%20Praktikumsteilnahme%20an%20der%20Uni:%20%0A%20%0A%20Bemerkungen\/%20besondere%20Wuensche:%0A%0A%0A%20Mit%20freundlichen%20Gruessen,\" target=\"_blank\" rel=\"noopener noreferrer\">MAIL-LINK klicken<\/a><\/span>.<\/strong> (Dann \u00f6ffnet sich ein Email-Fenster mit vorgefertigtem Text)<\/li><\/ul><p>Ansprechpartnerin: Frau Faust (Tel.: 0221 \/ 554046-0)<\/p>\t\t\t\t\t\t\t\t<\/div>\n\t\t\t\t<\/div>\n\t\t\t\t\t<\/div>\n\t\t<\/div>\n\t\t\t\t\t<\/div>\n\t\t<\/section>\n\t\t\t\t<\/div>\n\t\t","protected":false},"excerpt":{"rendered":"<p>Praktikumsstellen f\u00fcr Studierende Die LVR-Anna-Freud-Schule (AFS) bietet eine Anzahl von M\u00f6glichkeiten, im Rahmen eines Praktikums Erfahrungen auf dem Weg zum Lehrerberuf zu sammeln. Das besondere Profil unserer Schule verspricht f\u00fcr Studierende ungew\u00f6hnliche und zukunftsweisende Einblicke. Wenn Sie sich f\u00fcr ein Praktikum an der AFS interessieren, nutzen Sie bitte die folgenden Kontaktm\u00f6glichkeiten. Bitte schicken sie\u00a0keine\u00a0schriftlichen oder [&hellip;]<\/p>\n","protected":false},"author":1,"featured_media":0,"parent":0,"menu_order":0,"comment_status":"closed","ping_status":"closed","template":"","meta":{"site-sidebar-layout":"no-sidebar","site-content-layout":"page-builder","ast-site-content-layout":"default","site-content-style":"default","site-sidebar-style":"default","ast-global-header-display":"","ast-banner-title-visibility":"","ast-main-header-display":"","ast-hfb-above-header-display":"","ast-hfb-below-header-display":"","ast-hfb-mobile-header-display":"","site-post-title":"disabled","ast-breadcrumbs-content":"","ast-featured-img":"disabled","footer-sml-layout":"","ast-disable-related-posts":"","theme-transparent-header-meta":"","adv-header-id-meta":"","stick-header-meta":"","header-above-stick-meta":"","header-main-stick-meta":"","header-below-stick-meta":"","astra-migrate-meta-layouts":"default","ast-page-background-enabled":"default","ast-page-background-meta":{"desktop":{"background-color":"var(--ast-global-color-4)","background-image":"","background-repeat":"repeat","background-position":"center center","background-size":"auto","background-attachment":"scroll","background-type":"","background-media":"","overlay-type":"","overlay-color":"","overlay-opacity":"","overlay-gradient":""},"tablet":{"background-color":"","background-image":"","background-repeat":"repeat","background-position":"center center","background-size":"auto","background-attachment":"scroll","background-type":"","background-media":"","overlay-type":"","overlay-color":"","overlay-opacity":"","overlay-gradient":""},"mobile":{"background-color":"","background-image":"","background-repeat":"repeat","background-position":"center center","background-size":"auto","background-attachment":"scroll","background-type":"","background-media":"","overlay-type":"","overlay-color":"","overlay-opacity":"","overlay-gradient":""}},"ast-content-background-meta":{"desktop":{"background-color":"var(--ast-global-color-5)","background-image":"","background-repeat":"repeat","background-position":"center center","background-size":"auto","background-attachment":"scroll","background-type":"","background-media":"","overlay-type":"","overlay-color":"","overlay-opacity":"","overlay-gradient":""},"tablet":{"background-color":"var(--ast-global-color-5)","background-image":"","background-repeat":"repeat","background-position":"center center","background-size":"auto","background-attachment":"scroll","background-type":"","background-media":"","overlay-type":"","overlay-color":"","overlay-opacity":"","overlay-gradient":""},"mobile":{"background-color":"var(--ast-global-color-5)","background-image":"","background-repeat":"repeat","background-position":"center center","background-size":"auto","background-attachment":"scroll","background-type":"","background-media":"","overlay-type":"","overlay-color":"","overlay-opacity":"","overlay-gradient":""}},"footnotes":""},"class_list":["post-1700","page","type-page","status-publish","hentry"],"_links":{"self":[{"href":"https:\/\/anna-freud-schule.de\/startseite\/wp-json\/wp\/v2\/pages\/1700","targetHints":{"allow":["GET"]}}],"collection":[{"href":"https:\/\/anna-freud-schule.de\/startseite\/wp-json\/wp\/v2\/pages"}],"about":[{"href":"https:\/\/anna-freud-schule.de\/startseite\/wp-json\/wp\/v2\/types\/page"}],"author":[{"embeddable":true,"href":"https:\/\/anna-freud-schule.de\/startseite\/wp-json\/wp\/v2\/users\/1"}],"replies":[{"embeddable":true,"href":"https:\/\/anna-freud-schule.de\/startseite\/wp-json\/wp\/v2\/comments?post=1700"}],"version-history":[{"count":49,"href":"https:\/\/anna-freud-schule.de\/startseite\/wp-json\/wp\/v2\/pages\/1700\/revisions"}],"predecessor-version":[{"id":4837,"href":"https:\/\/anna-freud-schule.de\/startseite\/wp-json\/wp\/v2\/pages\/1700\/revisions\/4837"}],"wp:attachment":[{"href":"https:\/\/anna-freud-schule.de\/startseite\/wp-json\/wp\/v2\/media?parent=1700"}],"curies":[{"name":"wp","href":"https:\/\/api.w.org\/{rel}","templated":true}]}}