{"id":1962,"date":"2022-04-06T22:03:06","date_gmt":"2022-04-06T22:03:06","guid":{"rendered":"http:\/\/afs-test.de\/?page_id=1962"},"modified":"2022-10-30T21:32:07","modified_gmt":"2022-10-30T21:32:07","slug":"internat","status":"publish","type":"page","link":"https:\/\/anna-freud-schule.de\/startseite\/internat\/","title":{"rendered":"Internat"},"content":{"rendered":"\t\t<div data-elementor-type=\"wp-page\" data-elementor-id=\"1962\" class=\"elementor elementor-1962\" data-elementor-post-type=\"page\">\n\t\t\t\t\t\t<section class=\"elementor-section elementor-top-section elementor-element elementor-element-f2d964d elementor-section-boxed elementor-section-height-default elementor-section-height-default\" data-id=\"f2d964d\" data-element_type=\"section\" data-e-type=\"section\">\n\t\t\t\t\t\t<div class=\"elementor-container elementor-column-gap-default\">\n\t\t\t\t\t<div class=\"elementor-column elementor-col-100 elementor-top-column elementor-element elementor-element-c65d9a8\" data-id=\"c65d9a8\" data-element_type=\"column\" data-e-type=\"column\">\n\t\t\t<div class=\"elementor-widget-wrap elementor-element-populated\">\n\t\t\t\t\t\t<div class=\"elementor-element elementor-element-2880c3d elementor-widget elementor-widget-heading\" data-id=\"2880c3d\" data-element_type=\"widget\" data-e-type=\"widget\" data-widget_type=\"heading.default\">\n\t\t\t\t<div class=\"elementor-widget-container\">\n\t\t\t\t\t<h2 class=\"elementor-heading-title elementor-size-default\">Internat<\/h2>\t\t\t\t<\/div>\n\t\t\t\t<\/div>\n\t\t\t\t\t<\/div>\n\t\t<\/div>\n\t\t\t\t\t<\/div>\n\t\t<\/section>\n\t\t\t\t<section class=\"elementor-section elementor-top-section elementor-element elementor-element-c78c96c elementor-section-boxed elementor-section-height-default elementor-section-height-default\" data-id=\"c78c96c\" data-element_type=\"section\" data-e-type=\"section\">\n\t\t\t\t\t\t<div class=\"elementor-container elementor-column-gap-default\">\n\t\t\t\t\t<div class=\"elementor-column elementor-col-100 elementor-top-column elementor-element elementor-element-10f599a\" data-id=\"10f599a\" data-element_type=\"column\" data-e-type=\"column\">\n\t\t\t<div class=\"elementor-widget-wrap elementor-element-populated\">\n\t\t\t\t\t\t<div class=\"elementor-element elementor-element-0a028a4 elementor-widget elementor-widget-image\" data-id=\"0a028a4\" data-element_type=\"widget\" data-e-type=\"widget\" data-widget_type=\"image.default\">\n\t\t\t\t<div class=\"elementor-widget-container\">\n\t\t\t\t\t\t\t\t\t\t\t\t\t\t\t<img fetchpriority=\"high\" decoding=\"async\" width=\"300\" height=\"181\" src=\"https:\/\/anna-freud-schule.de\/wp-content\/uploads\/2022\/10\/DBH-neuimWinter-300x181.jpg\" class=\"attachment-medium size-medium wp-image-2684\" alt=\"\" srcset=\"https:\/\/anna-freud-schule.de\/wp-content\/uploads\/2022\/10\/DBH-neuimWinter-300x181.jpg 300w, https:\/\/anna-freud-schule.de\/wp-content\/uploads\/2022\/10\/DBH-neuimWinter.jpg 500w\" sizes=\"(max-width: 300px) 100vw, 300px\" \/>\t\t\t\t\t\t\t\t\t\t\t\t\t\t\t<\/div>\n\t\t\t\t<\/div>\n\t\t\t\t\t<\/div>\n\t\t<\/div>\n\t\t\t\t\t<\/div>\n\t\t<\/section>\n\t\t\t\t<section class=\"elementor-section elementor-top-section elementor-element elementor-element-95e7917 elementor-section-boxed elementor-section-height-default elementor-section-height-default\" data-id=\"95e7917\" data-element_type=\"section\" data-e-type=\"section\">\n\t\t\t\t\t\t<div class=\"elementor-container elementor-column-gap-default\">\n\t\t\t\t\t<div class=\"elementor-column elementor-col-50 elementor-top-column elementor-element elementor-element-ff5a99f\" data-id=\"ff5a99f\" data-element_type=\"column\" data-e-type=\"column\">\n\t\t\t<div class=\"elementor-widget-wrap elementor-element-populated\">\n\t\t\t\t\t\t<div class=\"elementor-element elementor-element-a61cb17 elementor-widget elementor-widget-text-editor\" data-id=\"a61cb17\" data-element_type=\"widget\" data-e-type=\"widget\" data-widget_type=\"text-editor.default\">\n\t\t\t\t<div class=\"elementor-widget-container\">\n\t\t\t\t\t\t\t\t\t<p>Das <strong>Dietrich-Bonhoeffer-Haus<\/strong> macht Sch\u00fcler*innen mit einer k\u00f6rperlichen und\/oder einer psychischen Beeintr\u00e4chtigung ein modernes, schulbegleitendes Wohnangebot.<\/p><p>Es ist ein Teil der Diakonie Michaelshoven, Kinder-und Jugendhilfen gGmbH und befindet sich ca. 10 km von der Anna-Freud-Schule entfernt in H\u00fcrth und ist vollst\u00e4ndig barrierefrei. Das nahegelegene Einkaufszentrum ist mit dem rollstuhlgerechten Stadtbus und die St\u00e4dte Br\u00fchl, Bonn und K\u00f6ln sind ebenfalls barrierefrei zu erreichen. Zwei hauseigene Busse mit Hebeb\u00fchne stehen erg\u00e4nzend zur Verf\u00fcgung. Die Sch\u00fclerbef\u00f6rderung \u00fcbernimmt die Wege vom Internat zur Schule und umgekehrt und auch die Fahrten nach Hause.<\/p><p>F\u00fcr die Zeit der Sekundarstufen &#8211; manchmal bis zur Entwicklung einer beruflichen Perspektive auch ein weiteres Jahr dar\u00fcber hinaus &#8211; k\u00f6nnen in enger Kooperation mit der Anna-Freud-Schule, entweder von Montag -Freitag oder je nach Bedarf auch vollstation\u00e4r Sch\u00fcler*innen dort leben. Bedingungen f\u00fcr den Kostentr\u00e4ger sind entweder weiter entfernte Heimatorte oder famili\u00e4re Hintergr\u00fcnde.<\/p>\t\t\t\t\t\t\t\t<\/div>\n\t\t\t\t<\/div>\n\t\t\t\t\t<\/div>\n\t\t<\/div>\n\t\t\t\t<div class=\"elementor-column elementor-col-50 elementor-top-column elementor-element elementor-element-cef6af4\" data-id=\"cef6af4\" data-element_type=\"column\" data-e-type=\"column\">\n\t\t\t<div class=\"elementor-widget-wrap elementor-element-populated\">\n\t\t\t\t\t\t<div class=\"elementor-element elementor-element-7f2a731 elementor-widget elementor-widget-text-editor\" data-id=\"7f2a731\" data-element_type=\"widget\" data-e-type=\"widget\" data-widget_type=\"text-editor.default\">\n\t\t\t\t<div class=\"elementor-widget-container\">\n\t\t\t\t\t\t\t\t\t<p><strong>Ganzheitliche, teilhabeorientierte F\u00f6rderung<\/strong><\/p><p>Die Sicherstellung der Teilhabebedarfe, die Unterst\u00fctzung und F\u00f6rderung der schulischen Bildung und die Entwicklung einer Wohn- und beruflichen Perspektive sind die Hauptf\u00f6rderaspekte.<\/p><p>22 Sch\u00fcler*innen leben von Montag -Freitag in kleinen Gruppen mit einer bzw. zwei Bezugsbetreuungspersonen. Weitere 6 Sch\u00fcler*innen wohnen in der vollstation\u00e4ren Gruppe und werden auch am Wochenende und in den Schulferien begleitet.<\/p><p>In einer vom Haupthaus nahe gelegenen Trainingswohnung wohnen 5 Sch\u00fcler*innen, die sich in der Regel im letzten oder vorletzten Schuljahr intensiv auf einen neuen Lebensabschnitt des selbst\u00e4ndigen Wohnens vorbereiten.<\/p><p>Gew\u00e4hrleistet werden s\u00e4mtliche Teilhabebedarfe einschlie\u00dflich pflegerischer Hilfen. Jede\/r \u00a0Sch\u00fcler*in hat mindestens eine kontinuierliche p\u00e4dagogische Bezugsperson. In einer Zielplanung im Dialog auch mit den Eltern, mit der Schule und gegebenenfalls mit anderen Institutionen wird eine individuelle Teilhabe- und Lebensplanung entwickelt.<\/p><p>\u00a0<\/p>\t\t\t\t\t\t\t\t<\/div>\n\t\t\t\t<\/div>\n\t\t\t\t\t<\/div>\n\t\t<\/div>\n\t\t\t\t\t<\/div>\n\t\t<\/section>\n\t\t\t\t<section class=\"elementor-section elementor-top-section elementor-element elementor-element-5734310 elementor-section-boxed elementor-section-height-default elementor-section-height-default\" data-id=\"5734310\" data-element_type=\"section\" data-e-type=\"section\">\n\t\t\t\t\t\t<div class=\"elementor-container elementor-column-gap-default\">\n\t\t\t\t\t<div class=\"elementor-column elementor-col-100 elementor-top-column elementor-element elementor-element-4f8ca06\" data-id=\"4f8ca06\" data-element_type=\"column\" data-e-type=\"column\">\n\t\t\t<div class=\"elementor-widget-wrap elementor-element-populated\">\n\t\t\t\t\t\t<div class=\"elementor-element elementor-element-b2db9e6 elementor-widget elementor-widget-text-editor\" data-id=\"b2db9e6\" data-element_type=\"widget\" data-e-type=\"widget\" data-widget_type=\"text-editor.default\">\n\t\t\t\t<div class=\"elementor-widget-container\">\n\t\t\t\t\t\t\t\t\t<p>F\u00fcr weitere Informationen zu Konzept und Aufnahme wenden Sie sich bitte an:<\/p><p><strong>Heinz Tewes, Bereichsleitung Eingliederungshilfe<\/strong><br \/>Diakonie Michaelshoven e.V.<br \/>Dietrich-Bonhoeffer-Haus<br \/>Hermann-L\u00f6ns-Stra\u00dfe 40-42<br \/>50354 H\u00fcrth<br \/>Telefon 02233 \/ 79 98-0<br \/>Fax 02233 \/ 79 98-32<br \/>Email:\u00a0\u00a0<a href=\"mailto:h.tewes@diakonie-michaelshoven.de\">h.tewes@diakonie-michaelshoven.de<\/a><br \/>Internet: \u00a0<a href=\"https:\/\/www.diakonie-michaelshoven.de\/angebote\/menschen-mit-behinderung\/hilfen-fuer-kinder\/jugendliche\/internat-fuer-kinder-mit-koerperbehinderung\">Dietrich-Bonhoeffer-Haus<\/a><\/p><p>\u00a0<\/p><p>oder an:<\/p><p><strong>Holger Korfmacher, Teamleitung<\/strong><br \/>Diakonie Michaelshoven e.V.<br \/>Dietrich-Bonhoeffer-Haus<br \/>Hermann-L\u00f6ns-Stra\u00dfe 40-42<br \/>50354 H\u00fcrth<br \/>Telefon 02233 \/ 79 98-0<br \/>Fax 02233 \/ 79 98-32<br \/>Email:\u00a0\u00a0<a href=\"mailto:h.korfmacher@diakonie-michaelshoven.de\">h.korfmacher@diakonie-michaelshoven.de<\/a><br \/>Internet: \u00a0<a href=\"https:\/\/www.diakonie-michaelshoven.de\/angebote\/menschen-mit-behinderung\/hilfen-fuer-kinder\/jugendliche\/internat-fuer-kinder-mit-koerperbehinderung\">Dietrich-Bonhoeffer-Haus<\/a><\/p><p>\u00a0<\/p><p>oder an:\u00a0<\/p><p><strong>Stefan Scholl, Teamleitung<\/strong><\/p><p>Diakonie Michaelshoven Kinder- und Jugendhilfen gGmbH<\/p><p>Dietrich-Bonhoeffer-Haus<\/p><p>Hermann-L\u00f6ns-Stra\u00dfe 40-42<\/p><p>50354 H\u00fcrth<\/p><p>Telefon 02233 \/ 79 98-196<\/p><p>Email:\u00a0 <a href=\"mailto:s.scholl@diakonie-michaelshoven.de\">s.scholl@diakonie-michaelshoven.de<\/a><\/p>\t\t\t\t\t\t\t\t<\/div>\n\t\t\t\t<\/div>\n\t\t\t\t\t<\/div>\n\t\t<\/div>\n\t\t\t\t\t<\/div>\n\t\t<\/section>\n\t\t\t\t<\/div>\n\t\t","protected":false},"excerpt":{"rendered":"<p>Internat Das Dietrich-Bonhoeffer-Haus macht Sch\u00fcler*innen mit einer k\u00f6rperlichen und\/oder einer psychischen Beeintr\u00e4chtigung ein modernes, schulbegleitendes Wohnangebot. Es ist ein Teil der Diakonie Michaelshoven, Kinder-und Jugendhilfen gGmbH und befindet sich ca. 10 km von der Anna-Freud-Schule entfernt in H\u00fcrth und ist vollst\u00e4ndig barrierefrei. Das nahegelegene Einkaufszentrum ist mit dem rollstuhlgerechten Stadtbus und die St\u00e4dte Br\u00fchl, Bonn [&hellip;]<\/p>\n","protected":false},"author":1,"featured_media":0,"parent":0,"menu_order":0,"comment_status":"closed","ping_status":"closed","template":"","meta":{"site-sidebar-layout":"no-sidebar","site-content-layout":"page-builder","ast-site-content-layout":"default","site-content-style":"default","site-sidebar-style":"default","ast-global-header-display":"","ast-banner-title-visibility":"","ast-main-header-display":"","ast-hfb-above-header-display":"","ast-hfb-below-header-display":"","ast-hfb-mobile-header-display":"","site-post-title":"disabled","ast-breadcrumbs-content":"","ast-featured-img":"disabled","footer-sml-layout":"","ast-disable-related-posts":"","theme-transparent-header-meta":"","adv-header-id-meta":"","stick-header-meta":"","header-above-stick-meta":"","header-main-stick-meta":"","header-below-stick-meta":"","astra-migrate-meta-layouts":"default","ast-page-background-enabled":"default","ast-page-background-meta":{"desktop":{"background-color":"var(--ast-global-color-4)","background-image":"","background-repeat":"repeat","background-position":"center center","background-size":"auto","background-attachment":"scroll","background-type":"","background-media":"","overlay-type":"","overlay-color":"","overlay-opacity":"","overlay-gradient":""},"tablet":{"background-color":"","background-image":"","background-repeat":"repeat","background-position":"center center","background-size":"auto","background-attachment":"scroll","background-type":"","background-media":"","overlay-type":"","overlay-color":"","overlay-opacity":"","overlay-gradient":""},"mobile":{"background-color":"","background-image":"","background-repeat":"repeat","background-position":"center center","background-size":"auto","background-attachment":"scroll","background-type":"","background-media":"","overlay-type":"","overlay-color":"","overlay-opacity":"","overlay-gradient":""}},"ast-content-background-meta":{"desktop":{"background-color":"var(--ast-global-color-5)","background-image":"","background-repeat":"repeat","background-position":"center center","background-size":"auto","background-attachment":"scroll","background-type":"","background-media":"","overlay-type":"","overlay-color":"","overlay-opacity":"","overlay-gradient":""},"tablet":{"background-color":"var(--ast-global-color-5)","background-image":"","background-repeat":"repeat","background-position":"center center","background-size":"auto","background-attachment":"scroll","background-type":"","background-media":"","overlay-type":"","overlay-color":"","overlay-opacity":"","overlay-gradient":""},"mobile":{"background-color":"var(--ast-global-color-5)","background-image":"","background-repeat":"repeat","background-position":"center center","background-size":"auto","background-attachment":"scroll","background-type":"","background-media":"","overlay-type":"","overlay-color":"","overlay-opacity":"","overlay-gradient":""}},"footnotes":""},"class_list":["post-1962","page","type-page","status-publish","hentry"],"_links":{"self":[{"href":"https:\/\/anna-freud-schule.de\/startseite\/wp-json\/wp\/v2\/pages\/1962","targetHints":{"allow":["GET"]}}],"collection":[{"href":"https:\/\/anna-freud-schule.de\/startseite\/wp-json\/wp\/v2\/pages"}],"about":[{"href":"https:\/\/anna-freud-schule.de\/startseite\/wp-json\/wp\/v2\/types\/page"}],"author":[{"embeddable":true,"href":"https:\/\/anna-freud-schule.de\/startseite\/wp-json\/wp\/v2\/users\/1"}],"replies":[{"embeddable":true,"href":"https:\/\/anna-freud-schule.de\/startseite\/wp-json\/wp\/v2\/comments?post=1962"}],"version-history":[{"count":19,"href":"https:\/\/anna-freud-schule.de\/startseite\/wp-json\/wp\/v2\/pages\/1962\/revisions"}],"predecessor-version":[{"id":2687,"href":"https:\/\/anna-freud-schule.de\/startseite\/wp-json\/wp\/v2\/pages\/1962\/revisions\/2687"}],"wp:attachment":[{"href":"https:\/\/anna-freud-schule.de\/startseite\/wp-json\/wp\/v2\/media?parent=1962"}],"curies":[{"name":"wp","href":"https:\/\/api.w.org\/{rel}","templated":true}]}}