{"id":2521,"date":"2022-09-25T21:17:19","date_gmt":"2022-09-25T21:17:19","guid":{"rendered":"http:\/\/afs-test.de\/startseite\/?page_id=2521"},"modified":"2022-09-25T21:23:44","modified_gmt":"2022-09-25T21:23:44","slug":"impressum","status":"publish","type":"page","link":"https:\/\/anna-freud-schule.de\/startseite\/impressum\/","title":{"rendered":"impressum"},"content":{"rendered":"\t\t<div data-elementor-type=\"wp-page\" data-elementor-id=\"2521\" class=\"elementor elementor-2521\" data-elementor-post-type=\"page\">\n\t\t\t\t\t\t<section class=\"elementor-section elementor-top-section elementor-element elementor-element-28023a3 elementor-section-boxed elementor-section-height-default elementor-section-height-default\" data-id=\"28023a3\" data-element_type=\"section\" data-e-type=\"section\">\n\t\t\t\t\t\t<div class=\"elementor-container elementor-column-gap-default\">\n\t\t\t\t\t<div class=\"elementor-column elementor-col-100 elementor-top-column elementor-element elementor-element-666171d\" data-id=\"666171d\" data-element_type=\"column\" data-e-type=\"column\">\n\t\t\t<div class=\"elementor-widget-wrap elementor-element-populated\">\n\t\t\t\t\t\t<div class=\"elementor-element elementor-element-535f0e8 elementor-widget elementor-widget-text-editor\" data-id=\"535f0e8\" data-element_type=\"widget\" data-e-type=\"widget\" data-widget_type=\"text-editor.default\">\n\t\t\t\t<div class=\"elementor-widget-container\">\n\t\t\t\t\t\t\t\t\t<h2>Herausgeber<\/h2><p>F\u00f6rderverein der Anna-Freud-Schule<br \/>LVR-F\u00f6rderschule mit F\u00f6rderschwerpunkt K\u00f6rperliche und motorische Entwicklung (Sekundarstufe I und II)<br \/>Alter Milit\u00e4rring 96<br \/>50933 K\u00f6ln<br \/>Tel.: 0221 \/ 5540460<br \/>Fax: 0221 \/ 554046199<\/p>\t\t\t\t\t\t\t\t<\/div>\n\t\t\t\t<\/div>\n\t\t\t\t<div class=\"elementor-element elementor-element-accc1db elementor-widget elementor-widget-text-editor\" data-id=\"accc1db\" data-element_type=\"widget\" data-e-type=\"widget\" data-widget_type=\"text-editor.default\">\n\t\t\t\t<div class=\"elementor-widget-container\">\n\t\t\t\t\t\t\t\t\t<h3>Verantwortlich im Sinne des \u00a7 18 Medienstaatsvertrag (MStV)<\/h3><p>Schulleiterin der LVR Anna-Freud-Schule: Elke Goldschmidtb\u00f6ing<br \/>Alter Milit\u00e4rring 96<br \/>50933 K\u00f6ln<br \/>Tel.: 0221 \/ 5540460<br \/>Fax: 0221 \/ 554046199<\/p>\t\t\t\t\t\t\t\t<\/div>\n\t\t\t\t<\/div>\n\t\t\t\t<div class=\"elementor-element elementor-element-efba61b elementor-widget elementor-widget-text-editor\" data-id=\"efba61b\" data-element_type=\"widget\" data-e-type=\"widget\" data-widget_type=\"text-editor.default\">\n\t\t\t\t<div class=\"elementor-widget-container\">\n\t\t\t\t\t\t\t\t\t<h3>Gesamtkoordination des Internet-Angebotes<\/h3><p><a href=\"k.toennies@annafreudschule.de\">Kristoffer T\u00f6nnies<\/a><\/p><p>\u00a0<\/p>\t\t\t\t\t\t\t\t<\/div>\n\t\t\t\t<\/div>\n\t\t\t\t<div class=\"elementor-element elementor-element-8980304 elementor-widget elementor-widget-text-editor\" data-id=\"8980304\" data-element_type=\"widget\" data-e-type=\"widget\" data-widget_type=\"text-editor.default\">\n\t\t\t\t<div class=\"elementor-widget-container\">\n\t\t\t\t\t\t\t\t\t<div class=\"text-bild-absatz\"><div class=\"running_text\"><h3>Haftungshinweise<\/h3><p>Die Informationen des Online-Angebotes werden st\u00e4ndig aktualisiert. Trotz sorgf\u00e4ltiger Bearbeitung k\u00f6nnen sich Daten ver\u00e4ndert haben oder Fehler aufgetreten sein. Hierf\u00fcr bitten wir um Verst\u00e4ndnis. Bitte benachrichtigen Sie uns, wenn unsere eigenen Inhalte eventuell nicht v\u00f6llig fehlerfrei, aktuell und vollst\u00e4ndig sind. Bitte nutzen Sie f\u00fcr diese Nachrichten folgende Emailadresse: <a href=\"k.toennies@annafreudschule.de\">Kristoffer T\u00f6nnies<\/a>.\u00a0<\/p><h4>1. Haftung im Sinne \u00a7 7 TMG:<\/h4><p>Der Landschaftsverband Rheinland (LVR) stellt sein Internetangebot unter folgenden Nutzungsbedingungen zur Verf\u00fcgung:<\/p><ul><li>Der LVR ist als Diensteanbieter nach \u00a7 7 Abs. 1 TMG f\u00fcr die eigenen Inhalte, die er zur Nutzung bereith\u00e4lt, nach den allgemeinen Vorschriften verantwortlich. Die Haftung f\u00fcr Sch\u00e4den materieller oder ideeller Art, die durch die Nutzung der Inhalte verursacht wurden, ist ausgeschlossen, sofern nicht Vorsatz oder grobe Fahrl\u00e4ssigkeit vorliegt.<\/li><li>Soweit ein Text von dritter Seite erstellt ist, wird der jeweilige Verfasser namentlich benannt. In diesen F\u00e4llen ist der Verfasser des jeweiligen Dokuments bzw. sein Auftraggeber f\u00fcr den Inhalt verantwortlich.<\/li><\/ul><h4>2. Haftungsausschluss im Sinne \u00a7 8 TMG:<\/h4><p>Der LVR macht sich den Inhalt der per Hyperlinks zug\u00e4nglich gemachten fremden Websites ausdr\u00fccklich nicht zu eigen und kann deshalb f\u00fcr deren inhaltliche Korrektheit, Vollst\u00e4ndigkeit und Verf\u00fcgbarkeit keine Gew\u00e4hr leisten. Der LVR hat keinen Einfluss auf die aktuelle und zuk\u00fcnftige Gestaltung und auf Inhalte der gelinkten Seiten und distanziert sich ausdr\u00fccklich hiervon. Sofern der LVR feststellt oder davon Kenntnis erh\u00e4lt, dass sich auf den verlinkten Websites zwischenzeitlich rechtswidrige oder mit dem Leitbild des LVR unvereinbare Inhalte befinden, werden die entsprechenden Links unverz\u00fcglich entfernt.<\/p><\/div><\/div><h3><a name=\"section-1758153\"><\/a><\/h3><div class=\"text-bild-absatz\"><div class=\"running_text\"><h3>Urheberrecht<\/h3><p>Die Inhalte der Internetseiten des LVR sind urheberrechtlich gesch\u00fctzt. Dies gilt insbesondere f\u00fcr Fotos bzw. Grafiken und Logos, Videodateien sowie f\u00fcr alle Texte und Daten. Eine Wiedergabe in anderen Medien bedarf der vorherigen schriftlichen Zustimmung des LVR.<\/p><\/div><\/div><p>\u00a0<\/p>\t\t\t\t\t\t\t\t<\/div>\n\t\t\t\t<\/div>\n\t\t\t\t\t<\/div>\n\t\t<\/div>\n\t\t\t\t\t<\/div>\n\t\t<\/section>\n\t\t\t\t<\/div>\n\t\t","protected":false},"excerpt":{"rendered":"<p>Herausgeber F\u00f6rderverein der Anna-Freud-SchuleLVR-F\u00f6rderschule mit F\u00f6rderschwerpunkt K\u00f6rperliche und motorische Entwicklung (Sekundarstufe I und II)Alter Milit\u00e4rring 9650933 K\u00f6lnTel.: 0221 \/ 5540460Fax: 0221 \/ 554046199 Verantwortlich im Sinne des \u00a7 18 Medienstaatsvertrag (MStV) Schulleiterin der LVR Anna-Freud-Schule: Elke Goldschmidtb\u00f6ingAlter Milit\u00e4rring 9650933 K\u00f6lnTel.: 0221 \/ 5540460Fax: 0221 \/ 554046199 Gesamtkoordination des Internet-Angebotes Kristoffer T\u00f6nnies \u00a0 Haftungshinweise Die Informationen [&hellip;]<\/p>\n","protected":false},"author":1,"featured_media":0,"parent":0,"menu_order":0,"comment_status":"closed","ping_status":"closed","template":"","meta":{"site-sidebar-layout":"no-sidebar","site-content-layout":"page-builder","ast-site-content-layout":"default","site-content-style":"default","site-sidebar-style":"default","ast-global-header-display":"","ast-banner-title-visibility":"","ast-main-header-display":"","ast-hfb-above-header-display":"","ast-hfb-below-header-display":"","ast-hfb-mobile-header-display":"","site-post-title":"disabled","ast-breadcrumbs-content":"","ast-featured-img":"disabled","footer-sml-layout":"","ast-disable-related-posts":"","theme-transparent-header-meta":"","adv-header-id-meta":"","stick-header-meta":"","header-above-stick-meta":"","header-main-stick-meta":"","header-below-stick-meta":"","astra-migrate-meta-layouts":"default","ast-page-background-enabled":"default","ast-page-background-meta":{"desktop":{"background-color":"var(--ast-global-color-4)","background-image":"","background-repeat":"repeat","background-position":"center center","background-size":"auto","background-attachment":"scroll","background-type":"","background-media":"","overlay-type":"","overlay-color":"","overlay-opacity":"","overlay-gradient":""},"tablet":{"background-color":"","background-image":"","background-repeat":"repeat","background-position":"center center","background-size":"auto","background-attachment":"scroll","background-type":"","background-media":"","overlay-type":"","overlay-color":"","overlay-opacity":"","overlay-gradient":""},"mobile":{"background-color":"","background-image":"","background-repeat":"repeat","background-position":"center center","background-size":"auto","background-attachment":"scroll","background-type":"","background-media":"","overlay-type":"","overlay-color":"","overlay-opacity":"","overlay-gradient":""}},"ast-content-background-meta":{"desktop":{"background-color":"var(--ast-global-color-5)","background-image":"","background-repeat":"repeat","background-position":"center center","background-size":"auto","background-attachment":"scroll","background-type":"","background-media":"","overlay-type":"","overlay-color":"","overlay-opacity":"","overlay-gradient":""},"tablet":{"background-color":"var(--ast-global-color-5)","background-image":"","background-repeat":"repeat","background-position":"center center","background-size":"auto","background-attachment":"scroll","background-type":"","background-media":"","overlay-type":"","overlay-color":"","overlay-opacity":"","overlay-gradient":""},"mobile":{"background-color":"var(--ast-global-color-5)","background-image":"","background-repeat":"repeat","background-position":"center center","background-size":"auto","background-attachment":"scroll","background-type":"","background-media":"","overlay-type":"","overlay-color":"","overlay-opacity":"","overlay-gradient":""}},"footnotes":""},"class_list":["post-2521","page","type-page","status-publish","hentry"],"_links":{"self":[{"href":"https:\/\/anna-freud-schule.de\/startseite\/wp-json\/wp\/v2\/pages\/2521","targetHints":{"allow":["GET"]}}],"collection":[{"href":"https:\/\/anna-freud-schule.de\/startseite\/wp-json\/wp\/v2\/pages"}],"about":[{"href":"https:\/\/anna-freud-schule.de\/startseite\/wp-json\/wp\/v2\/types\/page"}],"author":[{"embeddable":true,"href":"https:\/\/anna-freud-schule.de\/startseite\/wp-json\/wp\/v2\/users\/1"}],"replies":[{"embeddable":true,"href":"https:\/\/anna-freud-schule.de\/startseite\/wp-json\/wp\/v2\/comments?post=2521"}],"version-history":[{"count":4,"href":"https:\/\/anna-freud-schule.de\/startseite\/wp-json\/wp\/v2\/pages\/2521\/revisions"}],"predecessor-version":[{"id":2526,"href":"https:\/\/anna-freud-schule.de\/startseite\/wp-json\/wp\/v2\/pages\/2521\/revisions\/2526"}],"wp:attachment":[{"href":"https:\/\/anna-freud-schule.de\/startseite\/wp-json\/wp\/v2\/media?parent=2521"}],"curies":[{"name":"wp","href":"https:\/\/api.w.org\/{rel}","templated":true}]}}