{"id":3944,"date":"2024-01-30T09:16:58","date_gmt":"2024-01-30T08:16:58","guid":{"rendered":"https:\/\/anna-freud-schule.de\/startseite\/?page_id=3944"},"modified":"2025-03-28T21:29:40","modified_gmt":"2025-03-28T20:29:40","slug":"sv","status":"publish","type":"page","link":"https:\/\/anna-freud-schule.de\/startseite\/sv\/","title":{"rendered":"SV"},"content":{"rendered":"\t\t<div data-elementor-type=\"wp-page\" data-elementor-id=\"3944\" class=\"elementor elementor-3944\" data-elementor-post-type=\"page\">\n\t\t\t\t\t\t<section class=\"elementor-section elementor-top-section elementor-element elementor-element-ae20870 elementor-section-boxed elementor-section-height-default elementor-section-height-default\" data-id=\"ae20870\" data-element_type=\"section\" data-e-type=\"section\">\n\t\t\t\t\t\t<div class=\"elementor-container elementor-column-gap-default\">\n\t\t\t\t\t<div class=\"elementor-column elementor-col-100 elementor-top-column elementor-element elementor-element-4cd47c5\" data-id=\"4cd47c5\" data-element_type=\"column\" data-e-type=\"column\">\n\t\t\t<div class=\"elementor-widget-wrap elementor-element-populated\">\n\t\t\t\t\t\t<div class=\"elementor-element elementor-element-971cc52 elementor-widget elementor-widget-heading\" data-id=\"971cc52\" data-element_type=\"widget\" data-e-type=\"widget\" data-widget_type=\"heading.default\">\n\t\t\t\t<div class=\"elementor-widget-container\">\n\t\t\t\t\t<h2 class=\"elementor-heading-title elementor-size-default\">Die Sch\u00fclervertretung der Anna-Freud-Schule stellt sich vor<\/h2>\t\t\t\t<\/div>\n\t\t\t\t<\/div>\n\t\t\t\t\t<\/div>\n\t\t<\/div>\n\t\t\t\t\t<\/div>\n\t\t<\/section>\n\t\t\t\t<section class=\"elementor-section elementor-top-section elementor-element elementor-element-98e7be9 elementor-section-boxed elementor-section-height-default elementor-section-height-default\" data-id=\"98e7be9\" data-element_type=\"section\" data-e-type=\"section\">\n\t\t\t\t\t\t<div class=\"elementor-container elementor-column-gap-default\">\n\t\t\t\t\t<div class=\"elementor-column elementor-col-50 elementor-top-column elementor-element elementor-element-bea06a8\" data-id=\"bea06a8\" data-element_type=\"column\" data-e-type=\"column\">\n\t\t\t<div class=\"elementor-widget-wrap elementor-element-populated\">\n\t\t\t\t\t\t<div class=\"elementor-element elementor-element-8e8d2f8 elementor-widget elementor-widget-image\" data-id=\"8e8d2f8\" data-element_type=\"widget\" data-e-type=\"widget\" data-widget_type=\"image.default\">\n\t\t\t\t<div class=\"elementor-widget-container\">\n\t\t\t\t\t\t\t\t\t\t\t\t\t\t\t<img fetchpriority=\"high\" decoding=\"async\" width=\"224\" height=\"300\" src=\"https:\/\/anna-freud-schule.de\/wp-content\/uploads\/2024\/01\/image2-224x300.jpeg\" class=\"attachment-medium size-medium wp-image-3949\" alt=\"\" srcset=\"https:\/\/anna-freud-schule.de\/wp-content\/uploads\/2024\/01\/image2-224x300.jpeg 224w, https:\/\/anna-freud-schule.de\/wp-content\/uploads\/2024\/01\/image2-766x1024.jpeg 766w, https:\/\/anna-freud-schule.de\/wp-content\/uploads\/2024\/01\/image2-768x1027.jpeg 768w, https:\/\/anna-freud-schule.de\/wp-content\/uploads\/2024\/01\/image2-1149x1536.jpeg 1149w, https:\/\/anna-freud-schule.de\/wp-content\/uploads\/2024\/01\/image2.jpeg 1423w\" sizes=\"(max-width: 224px) 100vw, 224px\" \/>\t\t\t\t\t\t\t\t\t\t\t\t\t\t\t<\/div>\n\t\t\t\t<\/div>\n\t\t\t\t\t<\/div>\n\t\t<\/div>\n\t\t\t\t<div class=\"elementor-column elementor-col-50 elementor-top-column elementor-element elementor-element-538658d\" data-id=\"538658d\" data-element_type=\"column\" data-e-type=\"column\">\n\t\t\t<div class=\"elementor-widget-wrap elementor-element-populated\">\n\t\t\t\t\t\t<div class=\"elementor-element elementor-element-b44d6fb elementor-widget elementor-widget-image\" data-id=\"b44d6fb\" data-element_type=\"widget\" data-e-type=\"widget\" data-widget_type=\"image.default\">\n\t\t\t\t<div class=\"elementor-widget-container\">\n\t\t\t\t\t\t\t\t\t\t\t\t\t\t\t<img decoding=\"async\" width=\"258\" height=\"300\" src=\"https:\/\/anna-freud-schule.de\/wp-content\/uploads\/2024\/01\/image1-258x300.jpeg\" class=\"attachment-medium size-medium wp-image-3950\" alt=\"\" srcset=\"https:\/\/anna-freud-schule.de\/wp-content\/uploads\/2024\/01\/image1-258x300.jpeg 258w, https:\/\/anna-freud-schule.de\/wp-content\/uploads\/2024\/01\/image1-880x1024.jpeg 880w, https:\/\/anna-freud-schule.de\/wp-content\/uploads\/2024\/01\/image1-768x893.jpeg 768w, https:\/\/anna-freud-schule.de\/wp-content\/uploads\/2024\/01\/image1.jpeg 1066w\" sizes=\"(max-width: 258px) 100vw, 258px\" \/>\t\t\t\t\t\t\t\t\t\t\t\t\t\t\t<\/div>\n\t\t\t\t<\/div>\n\t\t\t\t\t<\/div>\n\t\t<\/div>\n\t\t\t\t\t<\/div>\n\t\t<\/section>\n\t\t\t\t<section class=\"elementor-section elementor-top-section elementor-element elementor-element-57ee56a elementor-section-boxed elementor-section-height-default elementor-section-height-default\" data-id=\"57ee56a\" data-element_type=\"section\" data-e-type=\"section\">\n\t\t\t\t\t\t<div class=\"elementor-container elementor-column-gap-default\">\n\t\t\t\t\t<div class=\"elementor-column elementor-col-50 elementor-top-column elementor-element elementor-element-bf6abce\" data-id=\"bf6abce\" data-element_type=\"column\" data-e-type=\"column\">\n\t\t\t<div class=\"elementor-widget-wrap elementor-element-populated\">\n\t\t\t\t\t\t<div class=\"elementor-element elementor-element-98e0ae2 elementor-widget elementor-widget-text-editor\" data-id=\"98e0ae2\" data-element_type=\"widget\" data-e-type=\"widget\" data-widget_type=\"text-editor.default\">\n\t\t\t\t<div class=\"elementor-widget-container\">\n\t\t\t\t\t\t\t\t\t<p>Lena Kasper (9a)<\/p><p style=\"text-align: center;\"><span style=\"caret-color: #000000; color: #000000; font-size: 12pt; font-family: Calibri, sans-serif;\"><a style=\"color: #954f72; text-decoration: underline;\" href=\"mailto:lenamariakasper@icloud.com\">lenamariakasper@icloud.com<\/a><\/span><\/p><p style=\"text-align: center;\">Klassenraum: B101<\/p>\t\t\t\t\t\t\t\t<\/div>\n\t\t\t\t<\/div>\n\t\t\t\t\t<\/div>\n\t\t<\/div>\n\t\t\t\t<div class=\"elementor-column elementor-col-50 elementor-top-column elementor-element elementor-element-3e69133\" data-id=\"3e69133\" data-element_type=\"column\" data-e-type=\"column\">\n\t\t\t<div class=\"elementor-widget-wrap elementor-element-populated\">\n\t\t\t\t\t\t<div class=\"elementor-element elementor-element-c33c113 elementor-widget elementor-widget-text-editor\" data-id=\"c33c113\" data-element_type=\"widget\" data-e-type=\"widget\" data-widget_type=\"text-editor.default\">\n\t\t\t\t<div class=\"elementor-widget-container\">\n\t\t\t\t\t\t\t\t\t<div style=\"text-align: center;\">Jonathan Bentz (10a)<\/div><div style=\"text-align: center;\"><a href=\"mailto:jobe-0510@hotmail.com\">jobe-0510@hotmail.com<\/a><\/div><div style=\"text-align: center;\">Klassenraum: E024<\/div>\t\t\t\t\t\t\t\t<\/div>\n\t\t\t\t<\/div>\n\t\t\t\t\t<\/div>\n\t\t<\/div>\n\t\t\t\t\t<\/div>\n\t\t<\/section>\n\t\t\t\t<section class=\"elementor-section elementor-top-section elementor-element elementor-element-0399cff elementor-section-boxed elementor-section-height-default elementor-section-height-default\" data-id=\"0399cff\" data-element_type=\"section\" data-e-type=\"section\">\n\t\t\t\t\t\t<div class=\"elementor-container elementor-column-gap-default\">\n\t\t\t\t\t<div class=\"elementor-column elementor-col-100 elementor-top-column elementor-element elementor-element-3d549c0\" data-id=\"3d549c0\" data-element_type=\"column\" data-e-type=\"column\">\n\t\t\t<div class=\"elementor-widget-wrap elementor-element-populated\">\n\t\t\t\t\t\t<div class=\"elementor-element elementor-element-e8aa8bb elementor-widget elementor-widget-text-editor\" data-id=\"e8aa8bb\" data-element_type=\"widget\" data-e-type=\"widget\" data-widget_type=\"text-editor.default\">\n\t\t\t\t<div class=\"elementor-widget-container\">\n\t\t\t\t\t\t\t\t\t<p>Wir, die Sch\u00fclervertretung der Anna-Freud-Schule, setzen uns f\u00fcr die Anliegen unserer Mitsch\u00fcler*innen ein. Als Verbindung zwischen Sch\u00fcler*innenschaft und Schulleitung wollen wir das Schulleben mit kreativen Ideen mit gestalten. Ihr erreicht uns bei Problemen, Sorgen und Anregungen unter unseren Email-Adressen oder pers\u00f6nlich in unseren Klassenr\u00e4umen. Ihr habt auch die M\u00f6glichkeit, den Briefkasten der SV vor dem Raum E002 zu nutzen, um uns euer Anliegen anonym zu mitzuteilen.\u00a0<\/p>\t\t\t\t\t\t\t\t<\/div>\n\t\t\t\t<\/div>\n\t\t\t\t\t<\/div>\n\t\t<\/div>\n\t\t\t\t\t<\/div>\n\t\t<\/section>\n\t\t\t\t<section class=\"elementor-section elementor-top-section elementor-element elementor-element-c2a4835 elementor-section-boxed elementor-section-height-default elementor-section-height-default\" data-id=\"c2a4835\" data-element_type=\"section\" data-e-type=\"section\">\n\t\t\t\t\t\t<div class=\"elementor-container elementor-column-gap-default\">\n\t\t\t\t\t<div class=\"elementor-column elementor-col-100 elementor-top-column elementor-element elementor-element-9edb07a\" data-id=\"9edb07a\" data-element_type=\"column\" data-e-type=\"column\">\n\t\t\t<div class=\"elementor-widget-wrap elementor-element-populated\">\n\t\t\t\t\t\t<div class=\"elementor-element elementor-element-1b95525 elementor-widget elementor-widget-heading\" data-id=\"1b95525\" data-element_type=\"widget\" data-e-type=\"widget\" data-widget_type=\"heading.default\">\n\t\t\t\t<div class=\"elementor-widget-container\">\n\t\t\t\t\t<h2 class=\"elementor-heading-title elementor-size-default\">Vertrauenslehrer*innen<\/h2>\t\t\t\t<\/div>\n\t\t\t\t<\/div>\n\t\t\t\t\t<\/div>\n\t\t<\/div>\n\t\t\t\t\t<\/div>\n\t\t<\/section>\n\t\t\t\t<section class=\"elementor-section elementor-top-section elementor-element elementor-element-81d26f2 elementor-section-boxed elementor-section-height-default elementor-section-height-default\" data-id=\"81d26f2\" data-element_type=\"section\" data-e-type=\"section\">\n\t\t\t\t\t\t<div class=\"elementor-container elementor-column-gap-default\">\n\t\t\t\t\t<div class=\"elementor-column elementor-col-50 elementor-top-column elementor-element elementor-element-6b8771a\" data-id=\"6b8771a\" data-element_type=\"column\" data-e-type=\"column\">\n\t\t\t<div class=\"elementor-widget-wrap elementor-element-populated\">\n\t\t\t\t\t\t<div class=\"elementor-element elementor-element-04d90f7 elementor-widget elementor-widget-text-editor\" data-id=\"04d90f7\" data-element_type=\"widget\" data-e-type=\"widget\" data-widget_type=\"text-editor.default\">\n\t\t\t\t<div class=\"elementor-widget-container\">\n\t\t\t\t\t\t\t\t\t<p>J. Sch\u00fcrgers<\/p><p><a href=\"mailto:joerg.schuergers@lvr-afs.de\">joerg.schuergers@lvr-afs.de<\/a><\/p><p>Fachlehrer an F\u00f6rderschulen<\/p>\t\t\t\t\t\t\t\t<\/div>\n\t\t\t\t<\/div>\n\t\t\t\t\t<\/div>\n\t\t<\/div>\n\t\t\t\t<div class=\"elementor-column elementor-col-50 elementor-top-column elementor-element elementor-element-ce9c4af\" data-id=\"ce9c4af\" data-element_type=\"column\" data-e-type=\"column\">\n\t\t\t<div class=\"elementor-widget-wrap elementor-element-populated\">\n\t\t\t\t\t\t<div class=\"elementor-element elementor-element-aed117e elementor-widget elementor-widget-text-editor\" data-id=\"aed117e\" data-element_type=\"widget\" data-e-type=\"widget\" data-widget_type=\"text-editor.default\">\n\t\t\t\t<div class=\"elementor-widget-container\">\n\t\t\t\t\t\t\t\t\t<p>S. Kirsch<\/p><p><a href=\"mailto:stefan.kirsch@lvr-afs.de\">stefan.kirsch@lvr-afs.de<\/a><\/p><p>(Sport, Philosophie)<\/p>\t\t\t\t\t\t\t\t<\/div>\n\t\t\t\t<\/div>\n\t\t\t\t\t<\/div>\n\t\t<\/div>\n\t\t\t\t\t<\/div>\n\t\t<\/section>\n\t\t\t\t<\/div>\n\t\t","protected":false},"excerpt":{"rendered":"<p>Die Sch\u00fclervertretung der Anna-Freud-Schule stellt sich vor Lena Kasper (9a) lenamariakasper@icloud.com Klassenraum: B101 Jonathan Bentz (10a)jobe-0510@hotmail.comKlassenraum: E024 Wir, die Sch\u00fclervertretung der Anna-Freud-Schule, setzen uns f\u00fcr die Anliegen unserer Mitsch\u00fcler*innen ein. Als Verbindung zwischen Sch\u00fcler*innenschaft und Schulleitung wollen wir das Schulleben mit kreativen Ideen mit gestalten. Ihr erreicht uns bei Problemen, Sorgen und Anregungen unter unseren [&hellip;]<\/p>\n","protected":false},"author":1,"featured_media":0,"parent":0,"menu_order":0,"comment_status":"closed","ping_status":"closed","template":"","meta":{"site-sidebar-layout":"no-sidebar","site-content-layout":"page-builder","ast-site-content-layout":"full-width-container","site-content-style":"default","site-sidebar-style":"default","ast-global-header-display":"","ast-banner-title-visibility":"","ast-main-header-display":"","ast-hfb-above-header-display":"","ast-hfb-below-header-display":"","ast-hfb-mobile-header-display":"","site-post-title":"disabled","ast-breadcrumbs-content":"","ast-featured-img":"disabled","footer-sml-layout":"","ast-disable-related-posts":"","theme-transparent-header-meta":"","adv-header-id-meta":"","stick-header-meta":"","header-above-stick-meta":"","header-main-stick-meta":"","header-below-stick-meta":"","astra-migrate-meta-layouts":"set","ast-page-background-enabled":"default","ast-page-background-meta":{"desktop":{"background-color":"var(--ast-global-color-4)","background-image":"","background-repeat":"repeat","background-position":"center center","background-size":"auto","background-attachment":"scroll","background-type":"","background-media":"","overlay-type":"","overlay-color":"","overlay-opacity":"","overlay-gradient":""},"tablet":{"background-color":"","background-image":"","background-repeat":"repeat","background-position":"center center","background-size":"auto","background-attachment":"scroll","background-type":"","background-media":"","overlay-type":"","overlay-color":"","overlay-opacity":"","overlay-gradient":""},"mobile":{"background-color":"","background-image":"","background-repeat":"repeat","background-position":"center center","background-size":"auto","background-attachment":"scroll","background-type":"","background-media":"","overlay-type":"","overlay-color":"","overlay-opacity":"","overlay-gradient":""}},"ast-content-background-meta":{"desktop":{"background-color":"var(--ast-global-color-5)","background-image":"","background-repeat":"repeat","background-position":"center center","background-size":"auto","background-attachment":"scroll","background-type":"","background-media":"","overlay-type":"","overlay-color":"","overlay-opacity":"","overlay-gradient":""},"tablet":{"background-color":"var(--ast-global-color-5)","background-image":"","background-repeat":"repeat","background-position":"center center","background-size":"auto","background-attachment":"scroll","background-type":"","background-media":"","overlay-type":"","overlay-color":"","overlay-opacity":"","overlay-gradient":""},"mobile":{"background-color":"var(--ast-global-color-5)","background-image":"","background-repeat":"repeat","background-position":"center center","background-size":"auto","background-attachment":"scroll","background-type":"","background-media":"","overlay-type":"","overlay-color":"","overlay-opacity":"","overlay-gradient":""}},"footnotes":""},"class_list":["post-3944","page","type-page","status-publish","hentry"],"_links":{"self":[{"href":"https:\/\/anna-freud-schule.de\/startseite\/wp-json\/wp\/v2\/pages\/3944","targetHints":{"allow":["GET"]}}],"collection":[{"href":"https:\/\/anna-freud-schule.de\/startseite\/wp-json\/wp\/v2\/pages"}],"about":[{"href":"https:\/\/anna-freud-schule.de\/startseite\/wp-json\/wp\/v2\/types\/page"}],"author":[{"embeddable":true,"href":"https:\/\/anna-freud-schule.de\/startseite\/wp-json\/wp\/v2\/users\/1"}],"replies":[{"embeddable":true,"href":"https:\/\/anna-freud-schule.de\/startseite\/wp-json\/wp\/v2\/comments?post=3944"}],"version-history":[{"count":37,"href":"https:\/\/anna-freud-schule.de\/startseite\/wp-json\/wp\/v2\/pages\/3944\/revisions"}],"predecessor-version":[{"id":4851,"href":"https:\/\/anna-freud-schule.de\/startseite\/wp-json\/wp\/v2\/pages\/3944\/revisions\/4851"}],"wp:attachment":[{"href":"https:\/\/anna-freud-schule.de\/startseite\/wp-json\/wp\/v2\/media?parent=3944"}],"curies":[{"name":"wp","href":"https:\/\/api.w.org\/{rel}","templated":true}]}}