{"id":3982,"date":"2024-02-21T10:00:15","date_gmt":"2024-02-21T09:00:15","guid":{"rendered":"https:\/\/anna-freud-schule.de\/startseite\/?page_id=3982"},"modified":"2024-02-22T08:54:04","modified_gmt":"2024-02-22T07:54:04","slug":"foerderverein","status":"publish","type":"page","link":"https:\/\/anna-freud-schule.de\/startseite\/foerderverein\/","title":{"rendered":"F\u00f6rderverein"},"content":{"rendered":"\t\t<div data-elementor-type=\"wp-page\" data-elementor-id=\"3982\" class=\"elementor elementor-3982\" data-elementor-post-type=\"page\">\n\t\t\t\t\t\t<section class=\"elementor-section elementor-top-section elementor-element elementor-element-ee4f19b elementor-section-boxed elementor-section-height-default elementor-section-height-default\" data-id=\"ee4f19b\" data-element_type=\"section\" data-e-type=\"section\">\n\t\t\t\t\t\t<div class=\"elementor-container elementor-column-gap-default\">\n\t\t\t\t\t<div class=\"elementor-column elementor-col-100 elementor-top-column elementor-element elementor-element-c031473\" data-id=\"c031473\" data-element_type=\"column\" data-e-type=\"column\">\n\t\t\t<div class=\"elementor-widget-wrap elementor-element-populated\">\n\t\t\t\t\t\t<div class=\"elementor-element elementor-element-35539db elementor-widget elementor-widget-heading\" data-id=\"35539db\" data-element_type=\"widget\" data-e-type=\"widget\" data-widget_type=\"heading.default\">\n\t\t\t\t<div class=\"elementor-widget-container\">\n\t\t\t\t\t<h2 class=\"elementor-heading-title elementor-size-default\">F\u00f6rderverein der Anna-Freud-Schule: Gestalten Sie mit uns die Zukunft unserer Schule!<\/h2>\t\t\t\t<\/div>\n\t\t\t\t<\/div>\n\t\t\t\t\t<\/div>\n\t\t<\/div>\n\t\t\t\t\t<\/div>\n\t\t<\/section>\n\t\t\t\t<section class=\"elementor-section elementor-top-section elementor-element elementor-element-a6f32d4 elementor-section-boxed elementor-section-height-default elementor-section-height-default\" data-id=\"a6f32d4\" data-element_type=\"section\" data-e-type=\"section\">\n\t\t\t\t\t\t<div class=\"elementor-container elementor-column-gap-default\">\n\t\t\t\t\t<div class=\"elementor-column elementor-col-100 elementor-top-column elementor-element elementor-element-ce9d60f\" data-id=\"ce9d60f\" data-element_type=\"column\" data-e-type=\"column\">\n\t\t\t<div class=\"elementor-widget-wrap elementor-element-populated\">\n\t\t\t\t\t\t<div class=\"elementor-element elementor-element-3318e25 elementor-widget elementor-widget-text-editor\" data-id=\"3318e25\" data-element_type=\"widget\" data-e-type=\"widget\" data-widget_type=\"text-editor.default\">\n\t\t\t\t<div class=\"elementor-widget-container\">\n\t\t\t\t\t\t\t\t\t<p style=\"text-align: center;\"><a href=\"https:\/\/anna-freud-schule.de\/wp-content\/uploads\/2024\/01\/Foerdervereinformular-blanko-neu.pdf\" target=\"_blank\" rel=\"noopener\">Formular f\u00fcr die Anmeldung beim F\u00f6rderverein der Anna-Freud-Schule<\/a><\/p>\t\t\t\t\t\t\t\t<\/div>\n\t\t\t\t<\/div>\n\t\t\t\t\t<\/div>\n\t\t<\/div>\n\t\t\t\t\t<\/div>\n\t\t<\/section>\n\t\t\t\t<section class=\"elementor-section elementor-top-section elementor-element elementor-element-f9dab42 elementor-section-boxed elementor-section-height-default elementor-section-height-default\" data-id=\"f9dab42\" data-element_type=\"section\" data-e-type=\"section\">\n\t\t\t\t\t\t<div class=\"elementor-container elementor-column-gap-default\">\n\t\t\t\t\t<div class=\"elementor-column elementor-col-100 elementor-top-column elementor-element elementor-element-ef44fb4\" data-id=\"ef44fb4\" data-element_type=\"column\" data-e-type=\"column\">\n\t\t\t<div class=\"elementor-widget-wrap elementor-element-populated\">\n\t\t\t\t\t\t<div class=\"elementor-element elementor-element-d1d2a4b elementor-widget elementor-widget-text-editor\" data-id=\"d1d2a4b\" data-element_type=\"widget\" data-e-type=\"widget\" data-widget_type=\"text-editor.default\">\n\t\t\t\t<div class=\"elementor-widget-container\">\n\t\t\t\t\t\t\t\t\t<p style=\"font-weight: 400;\">Der <span data-markjs=\"true\">F\u00f6rderverein<\/span> der Anna-Freud-Schule setzt sich daf\u00fcr ein, die Schule ideell und materiell zu f\u00f6rdern und damit eine lebendige Lernumgebung f\u00fcr unsere Sch\u00fcler*innen zu gestalten.<\/p><p style=\"font-weight: 400;\">Unser Ziel:<\/p><ul style=\"font-weight: 400;\"><li>Anschaffung von Unterrichtsmitteln:\u00a0Wir unterst\u00fctzen die Schule bei der Beschaffung von wissenschaftlichen,\u00a0k\u00fcnstlerischen und technischen Unterrichtsmitteln,\u00a0die den Unterricht bereichern und den Lernerfolg f\u00f6rdern.<\/li><li>F\u00f6rderung von Schulprojekten:\u00a0Wir unterst\u00fctzen Schulsport,\u00a0Schulwanderungen und Studienfahrten,\u00a0die den Horizont unserer Sch\u00fcler*innen erweitern und ihnen neue Erfahrungen erm\u00f6glichen, doch aufgrund unserer besonderen Sch\u00fcler*innenschaft oftmals mit erheblichem Mehraufwand und entsprechenden Kosten verbunden sind.<\/li><li>Hilfe f\u00fcr bed\u00fcrftige Sch\u00fcler*innen:\u00a0Wir helfen bed\u00fcrftigen und f\u00f6rderungsw\u00fcrdigen Sch\u00fcler*innen,\u00a0insbesondere mit k\u00f6rperlich-motorischem F\u00f6rderbedarf,\u00a0und tragen dazu bei,\u00a0Mittel und Einrichtungen f\u00fcr ihre k\u00f6rperliche und seelische Erleichterung zu beschaffen.<\/li><li>F\u00f6rderung der Elternarbeit:\u00a0Wir unterst\u00fctzen die Elternarbeit und die Aktivit\u00e4ten der Sch\u00fclermitverwaltung.<\/li><\/ul><p style=\"font-weight: 400;\">Mit Ihrer Mitgliedschaft:<\/p><ul style=\"font-weight: 400;\"><li>Leisten Sie einen direkten Beitrag:\u00a0Sie unterst\u00fctzen die vielf\u00e4ltigen Aktivit\u00e4ten des <span data-markjs=\"true\">F\u00f6rderverein<\/span>s und tragen damit zur Verbesserung der Lernbedingungen an unserer Schule bei.<\/li><li>Gestalten Sie die Zukunft mit:\u00a0Sie werden Teil einer aktiven Gemeinschaft,\u00a0die sich f\u00fcr die Zukunft unserer Schule einsetzt.<\/li><\/ul><p style=\"font-weight: 400;\"><strong>Werden Sie Mitglied im F\u00f6rderverein der Anna-Freud-Schule!<\/strong><\/p><p style=\"font-weight: 400;\"><strong>Mit Ihrer Unterst\u00fctzung machen wir unsere Schule zu einem noch besseren Ort f\u00fcr Bildung und Entwicklung der Sch\u00fcler*innen der AFS. Senden Sie das ausgef\u00fcllte <a href=\"https:\/\/anna-freud-schule.de\/wp-content\/uploads\/2024\/01\/Foerdervereinformular-blanko-neu.pdf\" target=\"_blank\" rel=\"noopener\">Formular<\/a> an <a href=\"mailto:foerderverein@annafreudschule.de\" target=\"_blank\" rel=\"noopener\">foerderverein@annafreudschule.de<\/a>. Vielen Dank.\u00a0<\/strong><\/p>\t\t\t\t\t\t\t\t<\/div>\n\t\t\t\t<\/div>\n\t\t\t\t\t<\/div>\n\t\t<\/div>\n\t\t\t\t\t<\/div>\n\t\t<\/section>\n\t\t\t\t<section class=\"elementor-section elementor-top-section elementor-element elementor-element-c3eee00 elementor-section-boxed elementor-section-height-default elementor-section-height-default\" data-id=\"c3eee00\" data-element_type=\"section\" data-e-type=\"section\">\n\t\t\t\t\t\t<div class=\"elementor-container elementor-column-gap-default\">\n\t\t\t\t\t<div class=\"elementor-column elementor-col-100 elementor-top-column elementor-element elementor-element-ad23aea\" data-id=\"ad23aea\" data-element_type=\"column\" data-e-type=\"column\">\n\t\t\t<div class=\"elementor-widget-wrap elementor-element-populated\">\n\t\t\t\t\t\t<div class=\"elementor-element elementor-element-be8b9a8 elementor-widget elementor-widget-text-editor\" data-id=\"be8b9a8\" data-element_type=\"widget\" data-e-type=\"widget\" data-widget_type=\"text-editor.default\">\n\t\t\t\t<div class=\"elementor-widget-container\">\n\t\t\t\t\t\t\t\t\t<p style=\"text-align: center;\"><a href=\"https:\/\/anna-freud-schule.de\/wp-content\/uploads\/2024\/01\/Foerdervereinformular-blanko-neu.pdf\" target=\"_blank\" rel=\"noopener\">Formular f\u00fcr die Anmeldung beim F\u00f6rderverein der Anna-Freud-Schule<\/a><\/p>\t\t\t\t\t\t\t\t<\/div>\n\t\t\t\t<\/div>\n\t\t\t\t\t<\/div>\n\t\t<\/div>\n\t\t\t\t\t<\/div>\n\t\t<\/section>\n\t\t\t\t<section class=\"elementor-section elementor-top-section elementor-element elementor-element-9b690d7 elementor-section-boxed elementor-section-height-default elementor-section-height-default\" data-id=\"9b690d7\" data-element_type=\"section\" data-e-type=\"section\">\n\t\t\t\t\t\t<div class=\"elementor-container elementor-column-gap-default\">\n\t\t\t\t\t<div class=\"elementor-column elementor-col-100 elementor-top-column elementor-element elementor-element-8b429ba\" data-id=\"8b429ba\" data-element_type=\"column\" data-e-type=\"column\">\n\t\t\t<div class=\"elementor-widget-wrap elementor-element-populated\">\n\t\t\t\t\t\t<div class=\"elementor-element elementor-element-fb72c0c elementor-widget elementor-widget-heading\" data-id=\"fb72c0c\" data-element_type=\"widget\" data-e-type=\"widget\" data-widget_type=\"heading.default\">\n\t\t\t\t<div class=\"elementor-widget-container\">\n\t\t\t\t\t<h2 class=\"elementor-heading-title elementor-size-default\">Folgende Projekte hat der F\u00f6rderverein finanziert (Auswahl)<\/h2>\t\t\t\t<\/div>\n\t\t\t\t<\/div>\n\t\t\t\t\t<\/div>\n\t\t<\/div>\n\t\t\t\t\t<\/div>\n\t\t<\/section>\n\t\t\t\t<section class=\"elementor-section elementor-top-section elementor-element elementor-element-e3377ea elementor-section-boxed elementor-section-height-default elementor-section-height-default\" data-id=\"e3377ea\" data-element_type=\"section\" data-e-type=\"section\">\n\t\t\t\t\t\t<div class=\"elementor-container elementor-column-gap-default\">\n\t\t\t\t\t<div class=\"elementor-column elementor-col-50 elementor-top-column elementor-element elementor-element-241c526\" data-id=\"241c526\" data-element_type=\"column\" data-e-type=\"column\">\n\t\t\t<div class=\"elementor-widget-wrap elementor-element-populated\">\n\t\t\t\t\t\t<div class=\"elementor-element elementor-element-b86f2e7 elementor-widget elementor-widget-text-editor\" data-id=\"b86f2e7\" data-element_type=\"widget\" data-e-type=\"widget\" data-widget_type=\"text-editor.default\">\n\t\t\t\t<div class=\"elementor-widget-container\">\n\t\t\t\t\t\t\t\t\t<ul><li style=\"font-size: 16px;\"><strong style=\"font-size: 16px;\">10.000,00 \u20ac<\/strong> E-Drums, Gitarren und Bassverst\u00e4rker, E-Pianos, Musikanlage f\u00fcr den Musiksaal durch eine Spende der K\u00e4mpgen-Stiftung (2022-23)<\/li><li><strong>9482,79<\/strong><b> \u20ac<\/b> Anschaffung eines Pflegebetts (2023)<\/li><li><b>5000,00 \u20ac<\/b> Klassenfahrt der Stufe 10 erm\u00f6glicht durch eine Spende des Lions Club (2023)<\/li><li><b>4084,65 \u20ac<\/b> IT- Ausstattung an der AFS erm\u00f6glicht durch die Bollstiftung (2023)<\/li><li><strong>4081,17 \u20ac<\/strong> Skifahrt der AFS (2023), weitere F\u00f6rderer werden gesucht<\/li><li>und vieles mehr<\/li><\/ul>\t\t\t\t\t\t\t\t<\/div>\n\t\t\t\t<\/div>\n\t\t\t\t\t<\/div>\n\t\t<\/div>\n\t\t\t\t<div class=\"elementor-column elementor-col-50 elementor-top-column elementor-element elementor-element-b90987a\" data-id=\"b90987a\" data-element_type=\"column\" data-e-type=\"column\">\n\t\t\t<div class=\"elementor-widget-wrap elementor-element-populated\">\n\t\t\t\t\t\t<div class=\"elementor-element elementor-element-966dbb6 elementor-arrows-position-inside elementor-pagination-position-outside elementor-widget elementor-widget-image-carousel\" data-id=\"966dbb6\" data-element_type=\"widget\" data-e-type=\"widget\" data-settings=\"{&quot;slides_to_show&quot;:&quot;2&quot;,&quot;navigation&quot;:&quot;both&quot;,&quot;autoplay&quot;:&quot;yes&quot;,&quot;pause_on_hover&quot;:&quot;yes&quot;,&quot;pause_on_interaction&quot;:&quot;yes&quot;,&quot;autoplay_speed&quot;:5000,&quot;infinite&quot;:&quot;yes&quot;,&quot;speed&quot;:500}\" data-widget_type=\"image-carousel.default\">\n\t\t\t\t<div class=\"elementor-widget-container\">\n\t\t\t\t\t\t\t<div class=\"elementor-image-carousel-wrapper swiper\" role=\"region\" aria-roledescription=\"carousel\" aria-label=\"Bild Karussell\" dir=\"ltr\">\n\t\t\t<div class=\"elementor-image-carousel swiper-wrapper\" aria-live=\"off\">\n\t\t\t\t\t\t\t\t<div class=\"swiper-slide\" role=\"group\" aria-roledescription=\"slide\" aria-label=\"1 von 7\"><figure class=\"swiper-slide-inner\"><img decoding=\"async\" class=\"swiper-slide-image\" src=\"https:\/\/anna-freud-schule.de\/wp-content\/uploads\/2024\/02\/IMG_6678-2-768x768.jpeg\" alt=\"E-Drums\" \/><figcaption class=\"elementor-image-carousel-caption\">E-Drums<\/figcaption><\/figure><\/div><div class=\"swiper-slide\" role=\"group\" aria-roledescription=\"slide\" aria-label=\"2 von 7\"><figure class=\"swiper-slide-inner\"><img decoding=\"async\" class=\"swiper-slide-image\" src=\"https:\/\/anna-freud-schule.de\/wp-content\/uploads\/2024\/02\/IMG_6676-2-768x768.jpeg\" alt=\"E-Piano\" \/><figcaption class=\"elementor-image-carousel-caption\">E-Piano<\/figcaption><\/figure><\/div><div class=\"swiper-slide\" role=\"group\" aria-roledescription=\"slide\" aria-label=\"3 von 7\"><figure class=\"swiper-slide-inner\"><img decoding=\"async\" class=\"swiper-slide-image\" src=\"https:\/\/anna-freud-schule.de\/wp-content\/uploads\/2024\/02\/IMG_6949-768x768.jpeg\" alt=\"Pflegebett\" \/><figcaption class=\"elementor-image-carousel-caption\">Pflegebett<\/figcaption><\/figure><\/div><div class=\"swiper-slide\" role=\"group\" aria-roledescription=\"slide\" aria-label=\"4 von 7\"><figure class=\"swiper-slide-inner\"><img decoding=\"async\" class=\"swiper-slide-image\" src=\"https:\/\/anna-freud-schule.de\/wp-content\/uploads\/2024\/02\/10er-Abschluss-1-768x768.jpg\" alt=\"10er Abschlussfahrt (Domburg)\" \/><figcaption class=\"elementor-image-carousel-caption\">10er Abschlussfahrt (Domburg)<\/figcaption><\/figure><\/div><div class=\"swiper-slide\" role=\"group\" aria-roledescription=\"slide\" aria-label=\"5 von 7\"><figure class=\"swiper-slide-inner\"><img decoding=\"async\" class=\"swiper-slide-image\" src=\"https:\/\/anna-freud-schule.de\/wp-content\/uploads\/2024\/02\/183019f8-3326-489d-80c1-f4e73c984bb2-1.jpg\" alt=\"Skifahrt 2023\" \/><figcaption class=\"elementor-image-carousel-caption\">Skifahrt 2023<\/figcaption><\/figure><\/div><div class=\"swiper-slide\" role=\"group\" aria-roledescription=\"slide\" aria-label=\"6 von 7\"><figure class=\"swiper-slide-inner\"><img decoding=\"async\" class=\"swiper-slide-image\" src=\"https:\/\/anna-freud-schule.de\/wp-content\/uploads\/2024\/02\/adaf7e0b-74cd-425d-abd0-f9505956ba9c.jpg\" alt=\"Skifahrt 2023\" \/><figcaption class=\"elementor-image-carousel-caption\">Skifahrt 2023<\/figcaption><\/figure><\/div><div class=\"swiper-slide\" role=\"group\" aria-roledescription=\"slide\" aria-label=\"7 von 7\"><figure class=\"swiper-slide-inner\"><img decoding=\"async\" class=\"swiper-slide-image\" src=\"https:\/\/anna-freud-schule.de\/wp-content\/uploads\/2024\/02\/937b276b-95d8-43eb-a3b3-ad78b6addaf6-768x768.jpg\" alt=\"Skifahrt 2023\" \/><figcaption class=\"elementor-image-carousel-caption\">Skifahrt 2023<\/figcaption><\/figure><\/div>\t\t\t<\/div>\n\t\t\t\t\t\t\t\t\t\t\t\t<div class=\"elementor-swiper-button elementor-swiper-button-prev\" role=\"button\" tabindex=\"0\">\n\t\t\t\t\t\t<i aria-hidden=\"true\" class=\"eicon-chevron-left\"><\/i>\t\t\t\t\t<\/div>\n\t\t\t\t\t<div class=\"elementor-swiper-button elementor-swiper-button-next\" role=\"button\" tabindex=\"0\">\n\t\t\t\t\t\t<i aria-hidden=\"true\" class=\"eicon-chevron-right\"><\/i>\t\t\t\t\t<\/div>\n\t\t\t\t\n\t\t\t\t\t\t\t\t\t<div class=\"swiper-pagination\"><\/div>\n\t\t\t\t\t\t\t\t\t<\/div>\n\t\t\t\t\t\t<\/div>\n\t\t\t\t<\/div>\n\t\t\t\t\t<\/div>\n\t\t<\/div>\n\t\t\t\t\t<\/div>\n\t\t<\/section>\n\t\t\t\t<section class=\"elementor-section elementor-top-section elementor-element elementor-element-1f68b2c elementor-section-boxed elementor-section-height-default elementor-section-height-default\" data-id=\"1f68b2c\" data-element_type=\"section\" data-e-type=\"section\">\n\t\t\t\t\t\t<div class=\"elementor-container elementor-column-gap-default\">\n\t\t\t\t\t\t<\/div>\n\t\t<\/section>\n\t\t\t\t<section class=\"elementor-section elementor-top-section elementor-element elementor-element-8315345 elementor-section-boxed elementor-section-height-default elementor-section-height-default\" data-id=\"8315345\" data-element_type=\"section\" data-e-type=\"section\">\n\t\t\t\t\t\t<div class=\"elementor-container elementor-column-gap-default\">\n\t\t\t\t\t\t<\/div>\n\t\t<\/section>\n\t\t\t\t<section class=\"elementor-section elementor-top-section elementor-element elementor-element-84141ca elementor-section-boxed elementor-section-height-default elementor-section-height-default\" data-id=\"84141ca\" data-element_type=\"section\" data-e-type=\"section\">\n\t\t\t\t\t\t<div class=\"elementor-container elementor-column-gap-default\">\n\t\t\t\t\t\t<\/div>\n\t\t<\/section>\n\t\t\t\t<\/div>\n\t\t","protected":false},"excerpt":{"rendered":"<p>F\u00f6rderverein der Anna-Freud-Schule: Gestalten Sie mit uns die Zukunft unserer Schule! Formular f\u00fcr die Anmeldung beim F\u00f6rderverein der Anna-Freud-Schule Der F\u00f6rderverein der Anna-Freud-Schule setzt sich daf\u00fcr ein, die Schule ideell und materiell zu f\u00f6rdern und damit eine lebendige Lernumgebung f\u00fcr unsere Sch\u00fcler*innen zu gestalten. Unser Ziel: Anschaffung von Unterrichtsmitteln:\u00a0Wir unterst\u00fctzen die Schule bei der Beschaffung [&hellip;]<\/p>\n","protected":false},"author":1,"featured_media":0,"parent":0,"menu_order":0,"comment_status":"closed","ping_status":"closed","template":"","meta":{"site-sidebar-layout":"no-sidebar","site-content-layout":"page-builder","ast-site-content-layout":"full-width-container","site-content-style":"default","site-sidebar-style":"default","ast-global-header-display":"","ast-banner-title-visibility":"","ast-main-header-display":"","ast-hfb-above-header-display":"","ast-hfb-below-header-display":"","ast-hfb-mobile-header-display":"","site-post-title":"disabled","ast-breadcrumbs-content":"","ast-featured-img":"disabled","footer-sml-layout":"","ast-disable-related-posts":"","theme-transparent-header-meta":"","adv-header-id-meta":"","stick-header-meta":"","header-above-stick-meta":"","header-main-stick-meta":"","header-below-stick-meta":"","astra-migrate-meta-layouts":"set","ast-page-background-enabled":"default","ast-page-background-meta":{"desktop":{"background-color":"var(--ast-global-color-4)","background-image":"","background-repeat":"repeat","background-position":"center center","background-size":"auto","background-attachment":"scroll","background-type":"","background-media":"","overlay-type":"","overlay-color":"","overlay-opacity":"","overlay-gradient":""},"tablet":{"background-color":"","background-image":"","background-repeat":"repeat","background-position":"center center","background-size":"auto","background-attachment":"scroll","background-type":"","background-media":"","overlay-type":"","overlay-color":"","overlay-opacity":"","overlay-gradient":""},"mobile":{"background-color":"","background-image":"","background-repeat":"repeat","background-position":"center center","background-size":"auto","background-attachment":"scroll","background-type":"","background-media":"","overlay-type":"","overlay-color":"","overlay-opacity":"","overlay-gradient":""}},"ast-content-background-meta":{"desktop":{"background-color":"var(--ast-global-color-5)","background-image":"","background-repeat":"repeat","background-position":"center center","background-size":"auto","background-attachment":"scroll","background-type":"","background-media":"","overlay-type":"","overlay-color":"","overlay-opacity":"","overlay-gradient":""},"tablet":{"background-color":"var(--ast-global-color-5)","background-image":"","background-repeat":"repeat","background-position":"center center","background-size":"auto","background-attachment":"scroll","background-type":"","background-media":"","overlay-type":"","overlay-color":"","overlay-opacity":"","overlay-gradient":""},"mobile":{"background-color":"var(--ast-global-color-5)","background-image":"","background-repeat":"repeat","background-position":"center center","background-size":"auto","background-attachment":"scroll","background-type":"","background-media":"","overlay-type":"","overlay-color":"","overlay-opacity":"","overlay-gradient":""}},"footnotes":""},"class_list":["post-3982","page","type-page","status-publish","hentry"],"_links":{"self":[{"href":"https:\/\/anna-freud-schule.de\/startseite\/wp-json\/wp\/v2\/pages\/3982","targetHints":{"allow":["GET"]}}],"collection":[{"href":"https:\/\/anna-freud-schule.de\/startseite\/wp-json\/wp\/v2\/pages"}],"about":[{"href":"https:\/\/anna-freud-schule.de\/startseite\/wp-json\/wp\/v2\/types\/page"}],"author":[{"embeddable":true,"href":"https:\/\/anna-freud-schule.de\/startseite\/wp-json\/wp\/v2\/users\/1"}],"replies":[{"embeddable":true,"href":"https:\/\/anna-freud-schule.de\/startseite\/wp-json\/wp\/v2\/comments?post=3982"}],"version-history":[{"count":67,"href":"https:\/\/anna-freud-schule.de\/startseite\/wp-json\/wp\/v2\/pages\/3982\/revisions"}],"predecessor-version":[{"id":4087,"href":"https:\/\/anna-freud-schule.de\/startseite\/wp-json\/wp\/v2\/pages\/3982\/revisions\/4087"}],"wp:attachment":[{"href":"https:\/\/anna-freud-schule.de\/startseite\/wp-json\/wp\/v2\/media?parent=3982"}],"curies":[{"name":"wp","href":"https:\/\/api.w.org\/{rel}","templated":true}]}}